{"id":179,"date":"2012-05-12T17:33:17","date_gmt":"2012-05-12T17:33:17","guid":{"rendered":"http:\/\/dsa-intime.de\/?page_id=179"},"modified":"2013-05-31T21:09:58","modified_gmt":"2013-05-31T21:09:58","slug":"kommende-folgen","status":"publish","type":"page","link":"http:\/\/dsa-intime.de\/?page_id=179","title":{"rendered":"Kommende Folgen"},"content":{"rendered":"<p>Hier k\u00f6nnt ihr \u00fcber die kommenden Folgen diskutieren und eure eigenen Ideen und Vorschl\u00e4ge einbringen. So k\u00f6nnen wir im Cast auf eure Anregungen eingehen!<\/p>\n<p>Wenn ihr selbst Themenvorschl\u00e4ge habt, postet sie einfach hier als Kommentar und wir nehmen sie in die Liste mit auf.\u00a0 Wir freuen uns \u00fcber alle konstruktiven Beitr\u00e4ge und jede Form der Beteiligung.<\/p>\n<p>Die aktuellen Themenvorschl\u00e4ge sind:<\/p>\n<p><a href=\" http:\/\/dsa-intime.de\/?page_id=604\" target=\"_blank\">H\u00f6rerfragen<\/a><\/p>\n<p><a href=\"http:\/\/dsa-intime.de\/?page_id=613\" target=\"_blank\">D\u00e4monisches<\/a><\/p>\n<p><a href=\"http:\/\/dsa-intime.de\/?page_id=597 \" target=\"_blank\">G\u00f6ttliches<\/a><\/p>\n<p><a href=\"http:\/\/dsa-intime.de\/?page_id=182\">Sprache und Akzente<\/a><\/p>\n<p>&nbsp;<\/p>\n","protected":false},"excerpt":{"rendered":"<p>Hier k\u00f6nnt ihr \u00fcber die kommenden Folgen diskutieren und eure eigenen Ideen und Vorschl\u00e4ge einbringen. So k\u00f6nnen wir im Cast auf eure Anregungen eingehen! Wenn ihr selbst Themenvorschl\u00e4ge habt, postet sie einfach hier als Kommentar und wir nehmen sie in &hellip; <a href=\"http:\/\/dsa-intime.de\/?page_id=179\">Weiterlesen <span class=\"meta-nav\">&rarr;<\/span><\/a><\/p>\n","protected":false},"author":1,"featured_media":0,"parent":0,"menu_order":1,"comment_status":"open","ping_status":"open","template":"","meta":[],"_links":{"self":[{"href":"http:\/\/dsa-intime.de\/index.php?rest_route=\/wp\/v2\/pages\/179"}],"collection":[{"href":"http:\/\/dsa-intime.de\/index.php?rest_route=\/wp\/v2\/pages"}],"about":[{"href":"http:\/\/dsa-intime.de\/index.php?rest_route=\/wp\/v2\/types\/page"}],"author":[{"embeddable":true,"href":"http:\/\/dsa-intime.de\/index.php?rest_route=\/wp\/v2\/users\/1"}],"replies":[{"embeddable":true,"href":"http:\/\/dsa-intime.de\/index.php?rest_route=%2Fwp%2Fv2%2Fcomments&post=179"}],"version-history":[{"count":47,"href":"http:\/\/dsa-intime.de\/index.php?rest_route=\/wp\/v2\/pages\/179\/revisions"}],"predecessor-version":[{"id":655,"href":"http:\/\/dsa-intime.de\/index.php?rest_route=\/wp\/v2\/pages\/179\/revisions\/655"}],"wp:attachment":[{"href":"http:\/\/dsa-intime.de\/index.php?rest_route=%2Fwp%2Fv2%2Fmedia&parent=179"}],"curies":[{"name":"wp","href":"https:\/\/api.w.org\/{rel}","templated":true}]}}