{"id":182,"date":"2012-05-12T17:34:26","date_gmt":"2012-05-12T17:34:26","guid":{"rendered":"http:\/\/dsa-intime.de\/?page_id=182"},"modified":"2016-08-08T19:40:54","modified_gmt":"2016-08-08T19:40:54","slug":"sprache-und-akzente","status":"publish","type":"page","link":"http:\/\/dsa-intime.de\/?page_id=182","title":{"rendered":"Sprache und Akzente"},"content":{"rendered":"<p>Hier wollen wir \u00fcber die verschiedenen Sprachen Aventuriens und ihre Einbindung in das Spielgeschehen reden. Welche Erfahrungen habt ihr mit Sprachbarrieren, multilingualen Charakteren, \u00dcbersetzern und generell Sprachkultur gemacht? Sind sie f\u00fcr euch st\u00f6rend oder bringen sie exotische Stimmung an den Spieltisch? Verwendet ihr mit euren Charakteren Akzente oder f\u00fcrchtet ihr den Bruch ins L\u00e4cherliche? Lasst und an euren Anekdoten, Erfahrungen und Ratschl\u00e4gen teilhaben.<\/p>\n","protected":false},"excerpt":{"rendered":"<p>Hier wollen wir \u00fcber die verschiedenen Sprachen Aventuriens und ihre Einbindung in das Spielgeschehen reden. Welche Erfahrungen habt ihr mit Sprachbarrieren, multilingualen Charakteren, \u00dcbersetzern und generell Sprachkultur gemacht? Sind sie f\u00fcr euch st\u00f6rend oder bringen sie exotische Stimmung an den &hellip; <a href=\"http:\/\/dsa-intime.de\/?page_id=182\">Weiterlesen <span class=\"meta-nav\">&rarr;<\/span><\/a><\/p>\n","protected":false},"author":1,"featured_media":0,"parent":179,"menu_order":2,"comment_status":"open","ping_status":"open","template":"","meta":[],"_links":{"self":[{"href":"http:\/\/dsa-intime.de\/index.php?rest_route=\/wp\/v2\/pages\/182"}],"collection":[{"href":"http:\/\/dsa-intime.de\/index.php?rest_route=\/wp\/v2\/pages"}],"about":[{"href":"http:\/\/dsa-intime.de\/index.php?rest_route=\/wp\/v2\/types\/page"}],"author":[{"embeddable":true,"href":"http:\/\/dsa-intime.de\/index.php?rest_route=\/wp\/v2\/users\/1"}],"replies":[{"embeddable":true,"href":"http:\/\/dsa-intime.de\/index.php?rest_route=%2Fwp%2Fv2%2Fcomments&post=182"}],"version-history":[{"count":5,"href":"http:\/\/dsa-intime.de\/index.php?rest_route=\/wp\/v2\/pages\/182\/revisions"}],"predecessor-version":[{"id":278,"href":"http:\/\/dsa-intime.de\/index.php?rest_route=\/wp\/v2\/pages\/182\/revisions\/278"}],"up":[{"embeddable":true,"href":"http:\/\/dsa-intime.de\/index.php?rest_route=\/wp\/v2\/pages\/179"}],"wp:attachment":[{"href":"http:\/\/dsa-intime.de\/index.php?rest_route=%2Fwp%2Fv2%2Fmedia&parent=182"}],"curies":[{"name":"wp","href":"https:\/\/api.w.org\/{rel}","templated":true}]}}