{"id":213,"date":"2012-05-12T19:04:59","date_gmt":"2012-05-12T19:04:59","guid":{"rendered":"http:\/\/dsa-intime.de\/?page_id=213"},"modified":"2012-12-10T09:27:26","modified_gmt":"2012-12-10T09:27:26","slug":"kampf","status":"publish","type":"page","link":"http:\/\/dsa-intime.de\/?page_id=213","title":{"rendered":"Kampf"},"content":{"rendered":"<p>Kampf als spielerisches Element ist zentraler Teil der Rollenspielunterhaltung. Aber was macht f\u00fcr euch einen interessanten Kampf aus und wie kann man ihn mitrei\u00dfend inszenieren? Vom un\u00fcbersichtlichen Massaker bis zum perfekt geplanten Hinterhalt, worin liegt die Kunst des &#8222;geh\u00f6rig auf die Fresse geben&#8220;s?<\/p>\n","protected":false},"excerpt":{"rendered":"<p>Kampf als spielerisches Element ist zentraler Teil der Rollenspielunterhaltung. Aber was macht f\u00fcr euch einen interessanten Kampf aus und wie kann man ihn mitrei\u00dfend inszenieren? Vom un\u00fcbersichtlichen Massaker bis zum perfekt geplanten Hinterhalt, worin liegt die Kunst des &#8222;geh\u00f6rig auf &hellip; <a href=\"http:\/\/dsa-intime.de\/?page_id=213\">Weiterlesen <span class=\"meta-nav\">&rarr;<\/span><\/a><\/p>\n","protected":false},"author":1,"featured_media":0,"parent":179,"menu_order":0,"comment_status":"open","ping_status":"open","template":"","meta":[],"_links":{"self":[{"href":"http:\/\/dsa-intime.de\/index.php?rest_route=\/wp\/v2\/pages\/213"}],"collection":[{"href":"http:\/\/dsa-intime.de\/index.php?rest_route=\/wp\/v2\/pages"}],"about":[{"href":"http:\/\/dsa-intime.de\/index.php?rest_route=\/wp\/v2\/types\/page"}],"author":[{"embeddable":true,"href":"http:\/\/dsa-intime.de\/index.php?rest_route=\/wp\/v2\/users\/1"}],"replies":[{"embeddable":true,"href":"http:\/\/dsa-intime.de\/index.php?rest_route=%2Fwp%2Fv2%2Fcomments&post=213"}],"version-history":[{"count":5,"href":"http:\/\/dsa-intime.de\/index.php?rest_route=\/wp\/v2\/pages\/213\/revisions"}],"predecessor-version":[{"id":244,"href":"http:\/\/dsa-intime.de\/index.php?rest_route=\/wp\/v2\/pages\/213\/revisions\/244"}],"up":[{"embeddable":true,"href":"http:\/\/dsa-intime.de\/index.php?rest_route=\/wp\/v2\/pages\/179"}],"wp:attachment":[{"href":"http:\/\/dsa-intime.de\/index.php?rest_route=%2Fwp%2Fv2%2Fmedia&parent=213"}],"curies":[{"name":"wp","href":"https:\/\/api.w.org\/{rel}","templated":true}]}}