{"id":217,"date":"2012-05-12T19:26:58","date_gmt":"2012-05-12T19:26:58","guid":{"rendered":"http:\/\/dsa-intime.de\/?page_id=217"},"modified":"2013-02-18T11:22:15","modified_gmt":"2013-02-18T11:22:15","slug":"dramaturgie","status":"publish","type":"page","link":"http:\/\/dsa-intime.de\/?page_id=217","title":{"rendered":"Dramaturgie"},"content":{"rendered":"<p>Unerwartete Wendungen, Epische Cliffhanger, dramatische Showdowns. Jeder liebt eine spannende Geschichte, doch sind diese am Spieltisch oftmals schwerer umzusetzten als erwartet. Wie webt ihr eure Handlungsstr\u00e4nge, setzt Figuren ein und stellt sie dar, um den Spielern den Schwei\u00df auf die Stirn zu treiben und was k\u00f6nnen diese tun, um das Erlebte unvergesslich zu machen? Erz\u00e4hlt von euren Highlights und sch\u00f6nsten Momenten und warum sie nat\u00fcrlich alles andere als Zufall waren!<\/p>\n","protected":false},"excerpt":{"rendered":"<p>Unerwartete Wendungen, Epische Cliffhanger, dramatische Showdowns. Jeder liebt eine spannende Geschichte, doch sind diese am Spieltisch oftmals schwerer umzusetzten als erwartet. Wie webt ihr eure Handlungsstr\u00e4nge, setzt Figuren ein und stellt sie dar, um den Spielern den Schwei\u00df auf die &hellip; <a href=\"http:\/\/dsa-intime.de\/?page_id=217\">Weiterlesen <span class=\"meta-nav\">&rarr;<\/span><\/a><\/p>\n","protected":false},"author":1,"featured_media":0,"parent":179,"menu_order":0,"comment_status":"open","ping_status":"open","template":"","meta":[],"_links":{"self":[{"href":"http:\/\/dsa-intime.de\/index.php?rest_route=\/wp\/v2\/pages\/217"}],"collection":[{"href":"http:\/\/dsa-intime.de\/index.php?rest_route=\/wp\/v2\/pages"}],"about":[{"href":"http:\/\/dsa-intime.de\/index.php?rest_route=\/wp\/v2\/types\/page"}],"author":[{"embeddable":true,"href":"http:\/\/dsa-intime.de\/index.php?rest_route=\/wp\/v2\/users\/1"}],"replies":[{"embeddable":true,"href":"http:\/\/dsa-intime.de\/index.php?rest_route=%2Fwp%2Fv2%2Fcomments&post=217"}],"version-history":[{"count":4,"href":"http:\/\/dsa-intime.de\/index.php?rest_route=\/wp\/v2\/pages\/217\/revisions"}],"predecessor-version":[{"id":589,"href":"http:\/\/dsa-intime.de\/index.php?rest_route=\/wp\/v2\/pages\/217\/revisions\/589"}],"up":[{"embeddable":true,"href":"http:\/\/dsa-intime.de\/index.php?rest_route=\/wp\/v2\/pages\/179"}],"wp:attachment":[{"href":"http:\/\/dsa-intime.de\/index.php?rest_route=%2Fwp%2Fv2%2Fmedia&parent=217"}],"curies":[{"name":"wp","href":"https:\/\/api.w.org\/{rel}","templated":true}]}}