{"id":404,"date":"2012-10-01T00:56:55","date_gmt":"2012-10-01T00:56:55","guid":{"rendered":"http:\/\/dsa-intime.de\/?page_id=404"},"modified":"2012-11-25T17:31:22","modified_gmt":"2012-11-25T17:31:22","slug":"talente","status":"publish","type":"page","link":"http:\/\/dsa-intime.de\/?page_id=404","title":{"rendered":"Talente"},"content":{"rendered":"<p>Was mein Charakter kann dr\u00fcckt sich durch Talente aus. Welche Probleme entstehen durch Talentproben? In wie fern ist der Zufallscharakter gerechtfertigt? Wie hoch d\u00fcrfen Talentwerte sein und wie geht man mit ungleichm\u00e4\u00dfigen Kompetenzen in der Gruppe um?<\/p>\n","protected":false},"excerpt":{"rendered":"<p>Was mein Charakter kann dr\u00fcckt sich durch Talente aus. Welche Probleme entstehen durch Talentproben? In wie fern ist der Zufallscharakter gerechtfertigt? Wie hoch d\u00fcrfen Talentwerte sein und wie geht man mit ungleichm\u00e4\u00dfigen Kompetenzen in der Gruppe um?<\/p>\n","protected":false},"author":1,"featured_media":0,"parent":179,"menu_order":0,"comment_status":"open","ping_status":"open","template":"","meta":[],"_links":{"self":[{"href":"http:\/\/dsa-intime.de\/index.php?rest_route=\/wp\/v2\/pages\/404"}],"collection":[{"href":"http:\/\/dsa-intime.de\/index.php?rest_route=\/wp\/v2\/pages"}],"about":[{"href":"http:\/\/dsa-intime.de\/index.php?rest_route=\/wp\/v2\/types\/page"}],"author":[{"embeddable":true,"href":"http:\/\/dsa-intime.de\/index.php?rest_route=\/wp\/v2\/users\/1"}],"replies":[{"embeddable":true,"href":"http:\/\/dsa-intime.de\/index.php?rest_route=%2Fwp%2Fv2%2Fcomments&post=404"}],"version-history":[{"count":3,"href":"http:\/\/dsa-intime.de\/index.php?rest_route=\/wp\/v2\/pages\/404\/revisions"}],"predecessor-version":[{"id":461,"href":"http:\/\/dsa-intime.de\/index.php?rest_route=\/wp\/v2\/pages\/404\/revisions\/461"}],"up":[{"embeddable":true,"href":"http:\/\/dsa-intime.de\/index.php?rest_route=\/wp\/v2\/pages\/179"}],"wp:attachment":[{"href":"http:\/\/dsa-intime.de\/index.php?rest_route=%2Fwp%2Fv2%2Fmedia&parent=404"}],"curies":[{"name":"wp","href":"https:\/\/api.w.org\/{rel}","templated":true}]}}