{"id":407,"date":"2012-10-01T01:04:21","date_gmt":"2012-10-01T01:04:21","guid":{"rendered":"http:\/\/dsa-intime.de\/?page_id=407"},"modified":"2012-11-24T19:45:53","modified_gmt":"2012-11-24T19:45:53","slug":"metagaming","status":"publish","type":"page","link":"http:\/\/dsa-intime.de\/?page_id=407","title":{"rendered":"Metagaming"},"content":{"rendered":"<p>Das Ungleichgewicht zwischen Spieler- und Charakterwissen kann den Spielfluss st\u00f6ren, aber auch M\u00f6glichkeiten bieten, eine Geschichte dramatisch und sch\u00f6n zu erz\u00e4hlen. Wie trennt ihr Meta- und Spielwissen, umgeht Spannungst\u00f6ter und erzeugt die perfekte Illusion einer funktionierenden Spielwelt?<\/p>\n","protected":false},"excerpt":{"rendered":"<p>Das Ungleichgewicht zwischen Spieler- und Charakterwissen kann den Spielfluss st\u00f6ren, aber auch M\u00f6glichkeiten bieten, eine Geschichte dramatisch und sch\u00f6n zu erz\u00e4hlen. Wie trennt ihr Meta- und Spielwissen, umgeht Spannungst\u00f6ter und erzeugt die perfekte Illusion einer funktionierenden Spielwelt?<\/p>\n","protected":false},"author":1,"featured_media":0,"parent":179,"menu_order":0,"comment_status":"open","ping_status":"open","template":"","meta":[],"_links":{"self":[{"href":"http:\/\/dsa-intime.de\/index.php?rest_route=\/wp\/v2\/pages\/407"}],"collection":[{"href":"http:\/\/dsa-intime.de\/index.php?rest_route=\/wp\/v2\/pages"}],"about":[{"href":"http:\/\/dsa-intime.de\/index.php?rest_route=\/wp\/v2\/types\/page"}],"author":[{"embeddable":true,"href":"http:\/\/dsa-intime.de\/index.php?rest_route=\/wp\/v2\/users\/1"}],"replies":[{"embeddable":true,"href":"http:\/\/dsa-intime.de\/index.php?rest_route=%2Fwp%2Fv2%2Fcomments&post=407"}],"version-history":[{"count":2,"href":"http:\/\/dsa-intime.de\/index.php?rest_route=\/wp\/v2\/pages\/407\/revisions"}],"predecessor-version":[{"id":453,"href":"http:\/\/dsa-intime.de\/index.php?rest_route=\/wp\/v2\/pages\/407\/revisions\/453"}],"up":[{"embeddable":true,"href":"http:\/\/dsa-intime.de\/index.php?rest_route=\/wp\/v2\/pages\/179"}],"wp:attachment":[{"href":"http:\/\/dsa-intime.de\/index.php?rest_route=%2Fwp%2Fv2%2Fmedia&parent=407"}],"curies":[{"name":"wp","href":"https:\/\/api.w.org\/{rel}","templated":true}]}}