{"id":506,"date":"2013-02-03T14:59:51","date_gmt":"2013-02-03T14:59:51","guid":{"rendered":"http:\/\/dsa-intime.de\/?page_id=506"},"modified":"2013-04-06T14:37:22","modified_gmt":"2013-04-06T14:37:22","slug":"paktierer","status":"publish","type":"page","link":"http:\/\/dsa-intime.de\/?page_id=506","title":{"rendered":"Paktierer"},"content":{"rendered":"<p>Im Anschluss an die <a href=\"http:\/\/dsa-intime.de\/?p=498\" target=\"_blank\">Erzd\u00e4monen<\/a>\u00a0wollen wir uns jetzt mit jenen Ungl\u00fccklichen besch\u00e4ftigen, die ihrer Verf\u00fchrung erliegen, oder aber versuchen, ihre Gunst zu missbrauchen. Sind Paktierer spielbar oder zur NSC- Bossrolle degradiert? Welche Erfahrungen habt ihr mit ihnen gemacht oder w\u00fcrdet ihr gerne machen?<\/p>\n","protected":false},"excerpt":{"rendered":"<p>Im Anschluss an die Erzd\u00e4monen\u00a0wollen wir uns jetzt mit jenen Ungl\u00fccklichen besch\u00e4ftigen, die ihrer Verf\u00fchrung erliegen, oder aber versuchen, ihre Gunst zu missbrauchen. Sind Paktierer spielbar oder zur NSC- Bossrolle degradiert? Welche Erfahrungen habt ihr mit ihnen gemacht oder w\u00fcrdet &hellip; <a href=\"http:\/\/dsa-intime.de\/?page_id=506\">Weiterlesen <span class=\"meta-nav\">&rarr;<\/span><\/a><\/p>\n","protected":false},"author":1,"featured_media":0,"parent":179,"menu_order":0,"comment_status":"open","ping_status":"open","template":"","meta":[],"_links":{"self":[{"href":"http:\/\/dsa-intime.de\/index.php?rest_route=\/wp\/v2\/pages\/506"}],"collection":[{"href":"http:\/\/dsa-intime.de\/index.php?rest_route=\/wp\/v2\/pages"}],"about":[{"href":"http:\/\/dsa-intime.de\/index.php?rest_route=\/wp\/v2\/types\/page"}],"author":[{"embeddable":true,"href":"http:\/\/dsa-intime.de\/index.php?rest_route=\/wp\/v2\/users\/1"}],"replies":[{"embeddable":true,"href":"http:\/\/dsa-intime.de\/index.php?rest_route=%2Fwp%2Fv2%2Fcomments&post=506"}],"version-history":[{"count":3,"href":"http:\/\/dsa-intime.de\/index.php?rest_route=\/wp\/v2\/pages\/506\/revisions"}],"predecessor-version":[{"id":625,"href":"http:\/\/dsa-intime.de\/index.php?rest_route=\/wp\/v2\/pages\/506\/revisions\/625"}],"up":[{"embeddable":true,"href":"http:\/\/dsa-intime.de\/index.php?rest_route=\/wp\/v2\/pages\/179"}],"wp:attachment":[{"href":"http:\/\/dsa-intime.de\/index.php?rest_route=%2Fwp%2Fv2%2Fmedia&parent=506"}],"curies":[{"name":"wp","href":"https:\/\/api.w.org\/{rel}","templated":true}]}}