{"id":597,"date":"2013-04-05T20:08:03","date_gmt":"2013-04-05T20:08:03","guid":{"rendered":"http:\/\/dsa-intime.de\/?page_id=597"},"modified":"2013-04-05T20:45:24","modified_gmt":"2013-04-05T20:45:24","slug":"gottliches","status":"publish","type":"page","link":"http:\/\/dsa-intime.de\/?page_id=597","title":{"rendered":"G\u00f6ttliches"},"content":{"rendered":"<p>F\u00fcr den dritten Teil der G\u00f6tterreihe nach <a href=\"http:\/\/dsa-intime.de\/?p=360\" target=\"_blank\">Glaube<\/a>,\u00a0<a href=\"http:\/\/dsa-intime.de\/?p=420\" target=\"_blank\">Kirche<\/a>\u00a0und <a href=\"http:\/\/dsa-intime.de\/?p=511\" target=\"_blank\">Kleriker<\/a> sammeln wir hier alle weiteren Ideen und Anregungen zum Thema G\u00f6tter in DSA. Heiligt\u00fcmer, Rituale, Liturgien, Leben als Geweihter, lasst was h\u00f6ren!<\/p>\n","protected":false},"excerpt":{"rendered":"<p>F\u00fcr den dritten Teil der G\u00f6tterreihe nach Glaube,\u00a0Kirche\u00a0und Kleriker sammeln wir hier alle weiteren Ideen und Anregungen zum Thema G\u00f6tter in DSA. Heiligt\u00fcmer, Rituale, Liturgien, Leben als Geweihter, lasst was h\u00f6ren!<\/p>\n","protected":false},"author":1,"featured_media":0,"parent":179,"menu_order":0,"comment_status":"open","ping_status":"open","template":"","meta":[],"_links":{"self":[{"href":"http:\/\/dsa-intime.de\/index.php?rest_route=\/wp\/v2\/pages\/597"}],"collection":[{"href":"http:\/\/dsa-intime.de\/index.php?rest_route=\/wp\/v2\/pages"}],"about":[{"href":"http:\/\/dsa-intime.de\/index.php?rest_route=\/wp\/v2\/types\/page"}],"author":[{"embeddable":true,"href":"http:\/\/dsa-intime.de\/index.php?rest_route=\/wp\/v2\/users\/1"}],"replies":[{"embeddable":true,"href":"http:\/\/dsa-intime.de\/index.php?rest_route=%2Fwp%2Fv2%2Fcomments&post=597"}],"version-history":[{"count":5,"href":"http:\/\/dsa-intime.de\/index.php?rest_route=\/wp\/v2\/pages\/597\/revisions"}],"predecessor-version":[{"id":599,"href":"http:\/\/dsa-intime.de\/index.php?rest_route=\/wp\/v2\/pages\/597\/revisions\/599"}],"up":[{"embeddable":true,"href":"http:\/\/dsa-intime.de\/index.php?rest_route=\/wp\/v2\/pages\/179"}],"wp:attachment":[{"href":"http:\/\/dsa-intime.de\/index.php?rest_route=%2Fwp%2Fv2%2Fmedia&parent=597"}],"curies":[{"name":"wp","href":"https:\/\/api.w.org\/{rel}","templated":true}]}}