{"id":604,"date":"2013-04-05T20:20:52","date_gmt":"2013-04-05T20:20:52","guid":{"rendered":"http:\/\/dsa-intime.de\/?page_id=604"},"modified":"2013-04-05T20:20:52","modified_gmt":"2013-04-05T20:20:52","slug":"horerfragen","status":"publish","type":"page","link":"http:\/\/dsa-intime.de\/?page_id=604","title":{"rendered":"H\u00f6rerfragen"},"content":{"rendered":"<p>Von pers\u00f6nlichen Fragen \u00fcber konkrete Probleme in eurer Gruppe oder in einem Abenteuer bis zu Meinungsfragen, hier k\u00f6nnt ihr uns l\u00f6chern! Wenn genug kurz und knackig zu beantwortende Fragen kommen, werden wir sie in einer speziellen interaktiven Folge beantworten.<\/p>\n","protected":false},"excerpt":{"rendered":"<p>Von pers\u00f6nlichen Fragen \u00fcber konkrete Probleme in eurer Gruppe oder in einem Abenteuer bis zu Meinungsfragen, hier k\u00f6nnt ihr uns l\u00f6chern! Wenn genug kurz und knackig zu beantwortende Fragen kommen, werden wir sie in einer speziellen interaktiven Folge beantworten.<\/p>\n","protected":false},"author":1,"featured_media":0,"parent":179,"menu_order":0,"comment_status":"open","ping_status":"open","template":"","meta":[],"_links":{"self":[{"href":"http:\/\/dsa-intime.de\/index.php?rest_route=\/wp\/v2\/pages\/604"}],"collection":[{"href":"http:\/\/dsa-intime.de\/index.php?rest_route=\/wp\/v2\/pages"}],"about":[{"href":"http:\/\/dsa-intime.de\/index.php?rest_route=\/wp\/v2\/types\/page"}],"author":[{"embeddable":true,"href":"http:\/\/dsa-intime.de\/index.php?rest_route=\/wp\/v2\/users\/1"}],"replies":[{"embeddable":true,"href":"http:\/\/dsa-intime.de\/index.php?rest_route=%2Fwp%2Fv2%2Fcomments&post=604"}],"version-history":[{"count":1,"href":"http:\/\/dsa-intime.de\/index.php?rest_route=\/wp\/v2\/pages\/604\/revisions"}],"predecessor-version":[{"id":605,"href":"http:\/\/dsa-intime.de\/index.php?rest_route=\/wp\/v2\/pages\/604\/revisions\/605"}],"up":[{"embeddable":true,"href":"http:\/\/dsa-intime.de\/index.php?rest_route=\/wp\/v2\/pages\/179"}],"wp:attachment":[{"href":"http:\/\/dsa-intime.de\/index.php?rest_route=%2Fwp%2Fv2%2Fmedia&parent=604"}],"curies":[{"name":"wp","href":"https:\/\/api.w.org\/{rel}","templated":true}]}}