{"id":608,"date":"2013-04-05T20:30:58","date_gmt":"2013-04-05T20:30:58","guid":{"rendered":"http:\/\/dsa-intime.de\/?page_id=608"},"modified":"2013-04-23T07:25:21","modified_gmt":"2013-04-23T07:25:21","slug":"recherche","status":"publish","type":"page","link":"http:\/\/dsa-intime.de\/?page_id=608","title":{"rendered":"Recherche"},"content":{"rendered":"<p>Nicht nur in speziellen Detektivabenteuern sind die Helden einen Gro\u00dfteil ihrer Zeit damit besch\u00e4ftigt, Informationen zu sammeln. Ob man an diese durch h\u00f6fliches Nachfragen, B\u00fccherw\u00e4lzen oder Drohungen gelangt, ist Stilfrage und wir versuchen zu ergr\u00fcnden, wie die Jagd nach der richtigen Quelle f\u00fcr Spieler wie Meister fordernd und sinnvoll sein kann. Wo platziert man Schl\u00fcsselhinweise, wie nutzt man die Kompetenzen der Gruppe gut aus und welche Techniken kann man nutzen, um den entscheidenden Satz aus der Kontaktperson herauszukitzeln? Was war eure packendste Spurensuche und was hat sie so gut gemacht?<\/p>\n","protected":false},"excerpt":{"rendered":"<p>Nicht nur in speziellen Detektivabenteuern sind die Helden einen Gro\u00dfteil ihrer Zeit damit besch\u00e4ftigt, Informationen zu sammeln. Ob man an diese durch h\u00f6fliches Nachfragen, B\u00fccherw\u00e4lzen oder Drohungen gelangt, ist Stilfrage und wir versuchen zu ergr\u00fcnden, wie die Jagd nach der &hellip; <a href=\"http:\/\/dsa-intime.de\/?page_id=608\">Weiterlesen <span class=\"meta-nav\">&rarr;<\/span><\/a><\/p>\n","protected":false},"author":1,"featured_media":0,"parent":179,"menu_order":0,"comment_status":"open","ping_status":"open","template":"","meta":[],"_links":{"self":[{"href":"http:\/\/dsa-intime.de\/index.php?rest_route=\/wp\/v2\/pages\/608"}],"collection":[{"href":"http:\/\/dsa-intime.de\/index.php?rest_route=\/wp\/v2\/pages"}],"about":[{"href":"http:\/\/dsa-intime.de\/index.php?rest_route=\/wp\/v2\/types\/page"}],"author":[{"embeddable":true,"href":"http:\/\/dsa-intime.de\/index.php?rest_route=\/wp\/v2\/users\/1"}],"replies":[{"embeddable":true,"href":"http:\/\/dsa-intime.de\/index.php?rest_route=%2Fwp%2Fv2%2Fcomments&post=608"}],"version-history":[{"count":3,"href":"http:\/\/dsa-intime.de\/index.php?rest_route=\/wp\/v2\/pages\/608\/revisions"}],"predecessor-version":[{"id":640,"href":"http:\/\/dsa-intime.de\/index.php?rest_route=\/wp\/v2\/pages\/608\/revisions\/640"}],"up":[{"embeddable":true,"href":"http:\/\/dsa-intime.de\/index.php?rest_route=\/wp\/v2\/pages\/179"}],"wp:attachment":[{"href":"http:\/\/dsa-intime.de\/index.php?rest_route=%2Fwp%2Fv2%2Fmedia&parent=608"}],"curies":[{"name":"wp","href":"https:\/\/api.w.org\/{rel}","templated":true}]}}