{"id":799,"date":"2014-11-01T15:04:33","date_gmt":"2014-11-01T15:04:33","guid":{"rendered":"http:\/\/dsa-intime.de\/?page_id=799"},"modified":"2015-03-03T19:07:41","modified_gmt":"2015-03-03T19:07:41","slug":"weisse-gilde","status":"publish","type":"page","link":"http:\/\/dsa-intime.de\/?page_id=799","title":{"rendered":"Wei\u00dfe Gilde"},"content":{"rendered":"<p>Wie vertr\u00e4gt sich Zauberei und G\u00f6tterglaube? Was macht f\u00fcr euch die Wei\u00dfe Gilde interessant, unrealistisch oder langweilig? Was unterscheidet einen Wei\u00dfmagier von einem Grauen?<\/p>\n","protected":false},"excerpt":{"rendered":"<p>Wie vertr\u00e4gt sich Zauberei und G\u00f6tterglaube? Was macht f\u00fcr euch die Wei\u00dfe Gilde interessant, unrealistisch oder langweilig? Was unterscheidet einen Wei\u00dfmagier von einem Grauen?<\/p>\n","protected":false},"author":1,"featured_media":0,"parent":179,"menu_order":0,"comment_status":"open","ping_status":"open","template":"","meta":[],"_links":{"self":[{"href":"http:\/\/dsa-intime.de\/index.php?rest_route=\/wp\/v2\/pages\/799"}],"collection":[{"href":"http:\/\/dsa-intime.de\/index.php?rest_route=\/wp\/v2\/pages"}],"about":[{"href":"http:\/\/dsa-intime.de\/index.php?rest_route=\/wp\/v2\/types\/page"}],"author":[{"embeddable":true,"href":"http:\/\/dsa-intime.de\/index.php?rest_route=\/wp\/v2\/users\/1"}],"replies":[{"embeddable":true,"href":"http:\/\/dsa-intime.de\/index.php?rest_route=%2Fwp%2Fv2%2Fcomments&post=799"}],"version-history":[{"count":1,"href":"http:\/\/dsa-intime.de\/index.php?rest_route=\/wp\/v2\/pages\/799\/revisions"}],"predecessor-version":[{"id":800,"href":"http:\/\/dsa-intime.de\/index.php?rest_route=\/wp\/v2\/pages\/799\/revisions\/800"}],"up":[{"embeddable":true,"href":"http:\/\/dsa-intime.de\/index.php?rest_route=\/wp\/v2\/pages\/179"}],"wp:attachment":[{"href":"http:\/\/dsa-intime.de\/index.php?rest_route=%2Fwp%2Fv2%2Fmedia&parent=799"}],"curies":[{"name":"wp","href":"https:\/\/api.w.org\/{rel}","templated":true}]}}