{"id":802,"date":"2014-11-01T15:08:21","date_gmt":"2014-11-01T15:08:21","guid":{"rendered":"http:\/\/dsa-intime.de\/?page_id=802"},"modified":"2016-04-29T12:44:45","modified_gmt":"2016-04-29T12:44:45","slug":"graue-gilde","status":"publish","type":"page","link":"http:\/\/dsa-intime.de\/?page_id=802","title":{"rendered":"Graue Gilde"},"content":{"rendered":"<p>&#8222;Ja, die sind halt irgendwo dazwischen&#8220; &#8211; Die mitgliederst\u00e4rkste Gilde &#8211; f\u00fcr euch ein langweiliger Kompromiss oder eine spannende Gratwanderung? Was unterscheidet einen Graumagier von einem Wei\u00dfen, was von einem Schwarzen? Wie steht die Gilde zu Kirchen und zum Glauben?<\/p>\n","protected":false},"excerpt":{"rendered":"<p>&#8222;Ja, die sind halt irgendwo dazwischen&#8220; &#8211; Die mitgliederst\u00e4rkste Gilde &#8211; f\u00fcr euch ein langweiliger Kompromiss oder eine spannende Gratwanderung? Was unterscheidet einen Graumagier von einem Wei\u00dfen, was von einem Schwarzen? Wie steht die Gilde zu Kirchen und zum Glauben?<\/p>\n","protected":false},"author":1,"featured_media":0,"parent":179,"menu_order":0,"comment_status":"open","ping_status":"open","template":"","meta":[],"_links":{"self":[{"href":"http:\/\/dsa-intime.de\/index.php?rest_route=\/wp\/v2\/pages\/802"}],"collection":[{"href":"http:\/\/dsa-intime.de\/index.php?rest_route=\/wp\/v2\/pages"}],"about":[{"href":"http:\/\/dsa-intime.de\/index.php?rest_route=\/wp\/v2\/types\/page"}],"author":[{"embeddable":true,"href":"http:\/\/dsa-intime.de\/index.php?rest_route=\/wp\/v2\/users\/1"}],"replies":[{"embeddable":true,"href":"http:\/\/dsa-intime.de\/index.php?rest_route=%2Fwp%2Fv2%2Fcomments&post=802"}],"version-history":[{"count":1,"href":"http:\/\/dsa-intime.de\/index.php?rest_route=\/wp\/v2\/pages\/802\/revisions"}],"predecessor-version":[{"id":803,"href":"http:\/\/dsa-intime.de\/index.php?rest_route=\/wp\/v2\/pages\/802\/revisions\/803"}],"up":[{"embeddable":true,"href":"http:\/\/dsa-intime.de\/index.php?rest_route=\/wp\/v2\/pages\/179"}],"wp:attachment":[{"href":"http:\/\/dsa-intime.de\/index.php?rest_route=%2Fwp%2Fv2%2Fmedia&parent=802"}],"curies":[{"name":"wp","href":"https:\/\/api.w.org\/{rel}","templated":true}]}}